{"id":29,"date":"2019-02-23T16:57:54","date_gmt":"2019-02-23T15:57:54","guid":{"rendered":"http:\/\/127.0.0.1:8080\/wordpress\/?page_id=29"},"modified":"2019-03-31T19:30:04","modified_gmt":"2019-03-31T17:30:04","slug":"blog-2","status":"publish","type":"page","link":"https:\/\/spoldzielniapr.com\/?page_id=29","title":{"rendered":"Projekty"},"content":{"rendered":"<!--W4PL_List_141-->\n<div id=\"w4pl-list-141\" class=\"w4pl\">\n\t<div id=\"w4pl-inner-141\" class=\"w4pl-inner\">\n\t\t<section class=\"linknumber\">\r\n                    <span class=\"number\">1<\/span>\r\n                    <p class=\"qaczka\"><span class=\"trans\">\u00a0<\/span><span class=\"number1\">01<\/span><span class=\"trans\">\u00a0<\/span><\/p>\r\n                    <blockquote> Czym s\u0105 wsp\u00f3\u0142czesne Totemy?<\/blockquote>\r\n<\/section>\r\n<section class=\"projects\">\r\n\r\n    <section class=\"fw-main-row \">\n\t<div class=\"fw-container\">\n\t\t<div class=\"fw-row\">\n\t<div class=\"fw-col-xs-12 fw-col-sm-3\">\n\t<h6>KLIENT: Miasto Pozna\u0144 i VOX Artis<\/h6><p><img loading=\"lazy\" decoding=\"async\" class=\"alignnone size-medium wp-image-232\" src=\"http:\/\/spoldzielniapr.com\/wp-content\/uploads\/2019\/04\/LOGO_POZNAN_PL_RGB_bz-300x103.jpg\" alt=\"\" width=\"300\" height=\"103\" srcset=\"https:\/\/spoldzielniapr.com\/wp-content\/uploads\/2019\/04\/LOGO_POZNAN_PL_RGB_bz-300x103.jpg 300w, https:\/\/spoldzielniapr.com\/wp-content\/uploads\/2019\/04\/LOGO_POZNAN_PL_RGB_bz-768x264.jpg 768w, https:\/\/spoldzielniapr.com\/wp-content\/uploads\/2019\/04\/LOGO_POZNAN_PL_RGB_bz-1024x352.jpg 1024w\" sizes=\"(max-width: 300px) 100vw, 300px\" \/><\/p><h6><img loading=\"lazy\" decoding=\"async\" class=\"alignnone size-medium wp-image-231\" src=\"http:\/\/spoldzielniapr.com\/wp-content\/uploads\/2019\/04\/logo_vox_artis-300x75.png\" alt=\"\" width=\"300\" height=\"75\" srcset=\"https:\/\/spoldzielniapr.com\/wp-content\/uploads\/2019\/04\/logo_vox_artis-300x75.png 300w, https:\/\/spoldzielniapr.com\/wp-content\/uploads\/2019\/04\/logo_vox_artis-768x192.png 768w, https:\/\/spoldzielniapr.com\/wp-content\/uploads\/2019\/04\/logo_vox_artis.png 960w\" sizes=\"(max-width: 300px) 100vw, 300px\" \/><\/h6><p>&nbsp;<\/p><\/div>\n<div class=\"fw-col-xs-12 fw-col-sm-9\">\n\t<p><strong>OBSZAR<\/strong>: sztuka, edukacja spo\u0142eczna<br \/><strong>WYZWANIE<\/strong>: Jak m\u00f3wi\u0107 o ekologii, \u017ceby by\u0107 us\u0142yszanym<br \/><strong>DZIA\u0141ANIE<\/strong>: 16 maja na Przystani Sztuki (plac pomi\u0119dzy Concordi\u0105 Design, a Ba\u0142tykiem) odb\u0119dzie si\u0119 wernisa\u017c instalacji \u201eTotemy\u201d autorstwa Alicji Bia\u0142ej i Iwo Borkowicza. U wej\u015bciu na plac stanie 6 wsp\u00f3\u0142czesnych totem\u00f3w. Ka\u017cdy z nich obrazuje inne zagadnienie zwi\u0105zane z kondycj\u0105 naszego \u015brodowiska: wyeksploatowanie \u0142owisk, wymieranie gatunk\u00f3w zwierz\u0105t, zanieczyszczenie powietrza, r\u00f3\u017cnic\u0119 w produkcji \u017cywno\u015bci pochodzenia ro\u015blinnego i zwierz\u0119cego, deforestacj\u0119 oraz problem nadprodukcji plastiku. Poszczeg\u00f3lne kolory i wzory odzwierciedlaj\u0105 wyniki bada\u0144 i statystyk dotycz\u0105cych kondycji naszej Planety. Dzi\u0119ki temu w \u0142atwy spos\u00f3b mo\u017cna sobie zwizualizowa\u0107 ka\u017cde zagadnienie. Rze\u017aby sk\u0142adaj\u0105ce si\u0119 na instalacj\u0119 s\u0105 r\u0119cznie malowane przez Alicj\u0119 Bia\u0142\u0105. Tworz\u0105 tr\u00f3jwymiarowy obraz o powierzchni blisko 300 metr\u00f3w kwadratowych. Formy olbrzymich totem\u00f3w w jaskrawych kolorach zwracaj\u0105 na siebie uwag\u0119 nie tylko przez wzgl\u0105d na estetyk\u0119 &#8211; maj\u0105 zach\u0119ca\u0107 i prowokowa\u0107 przechodni\u00f3w do interakcji. Sp\u00f3\u0142dzielnia PR odpowiada za komunikacj\u0119 projektu wsp\u00f3\u0142pracuj\u0105c z mediami krajowymi i regionalnymi.<\/p><\/div>\n<\/div>\n\n\t<\/div>\n<\/section>\n\n\n<!-- 29c5f46a63934578fa065bc6902835f2 -->\r\n <\/section>\r\n\r\n\r\n<section class=\"linknumber\">\r\n                    <span class=\"number\">2<\/span>\r\n                    <p class=\"qaczka\"><span class=\"trans\">\u00a0<\/span><span class=\"number1\">01<\/span><span class=\"trans\">\u00a0<\/span><\/p>\r\n                    <blockquote> Prze\u0142omowy rok dla marki JOHNSON&#8217;S\u00ae \u2013 wielkie zmiany, \u0142agodne formu\u0142y<\/blockquote>\r\n<\/section>\r\n<section class=\"projects\">\r\n\r\n    <section class=\"fw-main-row \">\n<div class=\"fw-container\">\n<div class=\"fw-row\">\n<div class=\"fw-col-xs-12 fw-col-sm-3\">\n<h6><strong>KLIENT<\/strong>: JOHNSON&#8217;S\u00a0 BABY\u00ae POLSKA<\/h6>\n<p>&nbsp;<\/p>\n<p><img decoding=\"async\" src=\"\/\/spoldzielniapr.com\/wp-content\/uploads\/2019\/04\/j_j-logo.jpg\" alt=\"\/\/spoldzielniapr.com\/wp-content\/uploads\/2019\/04\/j_j-logo.jpg\" \/><\/div>\n<div class=\"fw-col-xs-12 fw-col-sm-9\">\n<p><strong>OBSZAR<\/strong>: product pr, corporate pr, content marketing, media relations, event design, edukacja spo\u0142eczna<\/p>\n<p><strong>WYZWANIE<\/strong>: jak jednocze\u015bnie opowiedzie\u0107 o zmianie produkt\u00f3w, premierze nowej linii kosmetyk\u00f3w, mikrobiomie sk\u00f3ry dziecka oraz o tym, jak wa\u017cna w naszym \u017cyciu jest \u0142agodno\u015b\u0107?<\/p>\n<p><strong>DZIA\u0141ANIE<\/strong>: W kwietniu rozpocznie si\u0119 og\u00f3lnopolska kampania JOHNSON\u2019S\u00ae \u201eWybierz \u0142agodno\u015b\u0107\u201d, kt\u00f3ra jest cz\u0119\u015bci\u0105 \u015bwiatowej zmiany marki \u201eChooseGentle\u201d. Tematem kampanii jest budowanie relacji i komunikacji z dzieckiem opartej na \u0142agodno\u015bci. Marka przedstawia tak\u017ce historyczne zmiany w produktach &#8211; wprowadza zupe\u0142nie nowe formu\u0142y kosmetyk\u00f3w, skraca ich sk\u0142ady, zwi\u0119ksza ilo\u015b\u0107 naturalnych sk\u0142adnik\u00f3w. Premier\u0119 ma tak\u017ce nowa linia dla niemowl\u0105t CottonTouch\u2122 z czyst\u0105 bawe\u0142n\u0105. Druga, edukacyjna cz\u0119\u015b\u0107 kampanii JOHNSON\u2019S\u00ae skierowana jest do \u015brodowiska profesjonalnego, w szczeg\u00f3lno\u015bci do po\u0142o\u017cnych. Oparta jest na sesjach warsztatowych i spotkaniach z ekspertami: dr hab. n. med. Wojciechem Feleszko (Klinika Pneumonologii i Alergologii Wieku Dzieci\u0119cego), Ann\u0105 Zdral (Fundacja Rodzi\u0107 po Ludzku) oraz Agnieszk\u0105 Machnio (ekspertka marki JOHNSON&#8217;S\u00ae). Sp\u00f3\u0142dzielnia PR prowadzi komunikacj\u0119 z mediami oraz content marketing. Odpowiadamy r\u00f3wnie\u017c za realizacj\u0119 i organizacj\u0119 warsztat\u00f3w w ka\u017cdym z miast.<\/p>\n<\/div>\n<\/div><\/div>\n<\/section>\n<p><!-- 8291637210eea753769c050ffd5c9ba5 --><\/p>\n\r\n <\/section>\r\n\r\n\r\n<section class=\"linknumber\">\r\n                    <span class=\"number\">3<\/span>\r\n                    <p class=\"qaczka\"><span class=\"trans\">\u00a0<\/span><span class=\"number1\">01<\/span><span class=\"trans\">\u00a0<\/span><\/p>\r\n                    <blockquote> \u0141\u00f3d\u017a Design Festival \u2013 czyli festiwal od nowa<\/blockquote>\r\n<\/section>\r\n<section class=\"projects\">\r\n\r\n    <section class=\"fw-main-row \">\n<div class=\"fw-container\">\n<div class=\"fw-row\">\n<div class=\"fw-col-xs-12 fw-col-sm-3\">\n<h6><strong>KLIENT<\/strong>: \u0141\u00d3D\u0179 ART CENTER<\/h6>\n<p><img decoding=\"async\" src=\"\/\/spoldzielniapr.com\/wp-content\/uploads\/2019\/03\/unnamed-2.png\" alt=\"\/\/spoldzielniapr.com\/wp-content\/uploads\/2019\/03\/unnamed-2.png\" \/><\/div>\n<div class=\"fw-col-xs-12 fw-col-sm-9\">\n<p><strong>OBSZAR:<\/strong> STRATEGIA PR, INFLUENCER RELATIONS, MEDIA RELATIONS<\/p>\n<p><strong>WYZWANIE:<\/strong> jak m\u00f3wi\u0107 o festiwalu, kt\u00f3ry ma za sob\u0105 11 edycji? Jak prze\u0142ama\u0107 wra\u017cenie, \u017ce wszystko ju\u017c by\u0142o? Opracowanie nowej koncepcji na komunikacj\u0119, budowanie wizerunku eksperta, komunikacja oparta o zobowi\u0105zanie, \u017ce wydarzenie wraca do festiwalowych korzeni i nie b\u0119dzie dalej imprez\u0105 targow\u0105. Wykorzystanie kompetencji zespo\u0142u \u2013 wszystko w skr\u00f3conym czasie \u2013 zmiana daty Festiwalu z pa\u017adziernika na maj.<\/p>\n<p><strong>DZIA\u0141ANIE:<\/strong> wyb\u00f3r grona patronat\u00f3w medialnych (26 tytu\u0142\u00f3w) pozwoli\u0142 na zbudowanie szerokiej sieci medi\u00f3w komunikuj\u0105cych wydarzenia festiwalowe, a skupienie si\u0119 w projektowaniu komunikacji na g\u0142\u00f3wnych obszarach tematycznych (rzemios\u0142o, cz\u0142owiek i technologia oraz architektura), pozwoli\u0142o na wykorzystanie kompetencji zespo\u0142u ekspert\u00f3w i zaanga\u017cowanie r\u00f3\u017cnych medi\u00f3w, nie tylko bran\u017cowych.<\/p>\n<p><strong>REZULTAT:<\/strong> 4,5 mln ekwiwalent za publikacje i reklamy prasowe, ponad 2000 publikacji w mediach tradycyjnych i w internecie, 1393 wzmianek i wpis\u00f3w w social media ponad 200 akredytowanych dziennikarzy.<\/p>\n<p><img decoding=\"async\" src=\"\/\/spoldzielniapr.com\/wp-content\/uploads\/2019\/03\/SIMPLA-2.jpg\" alt=\"\/\/spoldzielniapr.com\/wp-content\/uploads\/2019\/03\/SIMPLA-2.jpg\" \/><img decoding=\"async\" src=\"\/\/spoldzielniapr.com\/wp-content\/uploads\/2019\/03\/LDF02.jpg\" alt=\"\/\/spoldzielniapr.com\/wp-content\/uploads\/2019\/03\/LDF02.jpg\" \/><img decoding=\"async\" src=\"\/\/spoldzielniapr.com\/wp-content\/uploads\/2019\/03\/LDF01.jpg\" alt=\"\/\/spoldzielniapr.com\/wp-content\/uploads\/2019\/03\/LDF01.jpg\" \/><\/div>\n<\/div><\/div>\n<\/section>\n<p><!-- 8391d27f58fffaffd6c28e69ba85d3d3 --><\/p>\n\r\n <\/section>\n\t<\/div><!--#w4pl-inner-141-->\n<\/div><!--#w4pl-141-->\n<!--END_W4PL_List_141-->\n\n","protected":false},"excerpt":{"rendered":"","protected":false},"author":1,"featured_media":144,"parent":0,"menu_order":0,"comment_status":"closed","ping_status":"closed","template":"","meta":{"_uag_custom_page_level_css":"","footnotes":""},"zakres":[],"rekomendacje":[],"zespol":[],"class_list":["post-29","page","type-page","status-publish","has-post-thumbnail","hentry"],"uagb_featured_image_src":{"full":["https:\/\/spoldzielniapr.com\/wp-content\/uploads\/2019\/03\/jeff-sheldon-3231-unsplash.jpg",1280,529,false],"thumbnail":["https:\/\/spoldzielniapr.com\/wp-content\/uploads\/2019\/03\/jeff-sheldon-3231-unsplash-150x150.jpg",150,150,true],"medium":["https:\/\/spoldzielniapr.com\/wp-content\/uploads\/2019\/03\/jeff-sheldon-3231-unsplash-300x124.jpg",300,124,true],"medium_large":["https:\/\/spoldzielniapr.com\/wp-content\/uploads\/2019\/03\/jeff-sheldon-3231-unsplash-768x317.jpg",768,317,true],"large":["https:\/\/spoldzielniapr.com\/wp-content\/uploads\/2019\/03\/jeff-sheldon-3231-unsplash-1024x423.jpg",1024,423,true],"1536x1536":["https:\/\/spoldzielniapr.com\/wp-content\/uploads\/2019\/03\/jeff-sheldon-3231-unsplash.jpg",1280,529,false],"2048x2048":["https:\/\/spoldzielniapr.com\/wp-content\/uploads\/2019\/03\/jeff-sheldon-3231-unsplash.jpg",1280,529,false]},"uagb_author_info":{"display_name":"qaczka","author_link":"https:\/\/spoldzielniapr.com\/?author=1"},"uagb_comment_info":0,"uagb_excerpt":null,"_links":{"self":[{"href":"https:\/\/spoldzielniapr.com\/index.php?rest_route=\/wp\/v2\/pages\/29"}],"collection":[{"href":"https:\/\/spoldzielniapr.com\/index.php?rest_route=\/wp\/v2\/pages"}],"about":[{"href":"https:\/\/spoldzielniapr.com\/index.php?rest_route=\/wp\/v2\/types\/page"}],"author":[{"embeddable":true,"href":"https:\/\/spoldzielniapr.com\/index.php?rest_route=\/wp\/v2\/users\/1"}],"replies":[{"embeddable":true,"href":"https:\/\/spoldzielniapr.com\/index.php?rest_route=%2Fwp%2Fv2%2Fcomments&post=29"}],"version-history":[{"count":2,"href":"https:\/\/spoldzielniapr.com\/index.php?rest_route=\/wp\/v2\/pages\/29\/revisions"}],"predecessor-version":[{"id":142,"href":"https:\/\/spoldzielniapr.com\/index.php?rest_route=\/wp\/v2\/pages\/29\/revisions\/142"}],"wp:featuredmedia":[{"embeddable":true,"href":"https:\/\/spoldzielniapr.com\/index.php?rest_route=\/wp\/v2\/media\/144"}],"wp:attachment":[{"href":"https:\/\/spoldzielniapr.com\/index.php?rest_route=%2Fwp%2Fv2%2Fmedia&parent=29"}],"wp:term":[{"taxonomy":"zakres","embeddable":true,"href":"https:\/\/spoldzielniapr.com\/index.php?rest_route=%2Fwp%2Fv2%2Fzakres&post=29"},{"taxonomy":"rekomendacje","embeddable":true,"href":"https:\/\/spoldzielniapr.com\/index.php?rest_route=%2Fwp%2Fv2%2Frekomendacje&post=29"},{"taxonomy":"zespol","embeddable":true,"href":"https:\/\/spoldzielniapr.com\/index.php?rest_route=%2Fwp%2Fv2%2Fzespol&post=29"}],"curies":[{"name":"wp","href":"https:\/\/api.w.org\/{rel}","templated":true}]}}