{"id":20,"date":"2019-02-17T22:46:09","date_gmt":"2019-02-17T21:46:09","guid":{"rendered":"http:\/\/127.0.0.1:8080\/wordpress\/?page_id=20"},"modified":"2019-04-14T14:32:53","modified_gmt":"2019-04-14T12:32:53","slug":"o-nas","status":"publish","type":"page","link":"https:\/\/spoldzielniapr.com\/?page_id=20","title":{"rendered":"O nas"},"content":{"rendered":"<!--W4PL_List_167-->\n<div id=\"w4pl-list-167\" class=\"w4pl\">\n\t<div id=\"w4pl-inner-167\" class=\"w4pl-inner\">\n\t\t<section class=\"linknumber\">\r\n                    <span class=\"number\">1<\/span>\r\n                    <p class=\"qaczka\"><span class=\"trans\">\u00a0<\/span><span class=\"number1\">01<\/span><span class=\"trans\">\u00a0<\/span><\/p>\r\n                    <blockquote> O nas<\/blockquote>\r\n<\/section>\r\n<section class=\"recommendations\">\r\n\r\n    <section class=\"fw-main-row \">\n\t<div class=\"fw-container\">\n\t\t<div class=\"fw-row\">\n\t<div class=\"fw-col-xs-12 fw-col-sm-4\">\n\t<h2>SP\u00d3\u0141DZIELNIA PR TO MY. ZAJMUJEMY SI\u0118&nbsp; PROJEKTOWANIEM KOMUNIKACJI.<\/h2><\/div>\n<div class=\"fw-col-xs-12 fw-col-sm-8\">\n\t<p>Sp\u00f3\u0142dzielnia PR\u00a0 \u2013 wsp\u00f3\u0142pracujemy, projektujemy, komunikujemy.<\/p><p>Sp\u00f3\u0142dzielnia PR\u00a0to MY. Zajmujemy si\u0119 projektowaniem komunikacji. Nie wymy\u015blamy rzeczywisto\u015bci na\u00a0nowo, ale z\u00a0pasj\u0105 o\u00a0niej informujemy. Nie ograniczamy si\u0119 do\u00a0m\u00f3wienia, bo\u00a0za\u00a0bardzo lubimy s\u0142ucha\u0107. Komunikacja to\u00a0dla nas dialog, porozumienie i\u00a0ci\u0105g\u0142a nauka. W\u00a0niej nie licz\u0105 si\u0119 tylko wycinki prasowe, ale ca\u0142y proces od strategii, po\u00a0satysfakcjonuj\u0105cy efekt. Szanujemy czas w\u00a0pracy i\u00a0w\u00a0\u017cyciu prywatnym.<\/p><p>Mamy przyjemno\u015b\u0107 pracowa\u0107 dla marek z\u00a0obszaru designu, kultury, edukacji, wn\u0119trz, architektury. Wsp\u00f3\u0142pracujemy z\u00a0lud\u017ami, kt\u00f3rzy tworz\u0105 nowe miejsca i\u00a0marki z\u00a0przekonania, s\u0105\u00a0kreatywni, otwarci, nie boj\u0105 si\u0119 zmian, doceniaj\u0105 dobrze zaprojektowane przedmioty, us\u0142ugi i\u00a0komunikacj\u0119. Dzielimy si\u0119 wiedz\u0105. \u0141\u0105czy nas gen dobrego wzornictwa i\u00a0kultury.<\/p><\/div>\n<\/div>\n\n<div class=\"fw-row\">\n\t<div class=\"fw-col-xs-12\">\n\t\n\t<div class=\"fw-divider-space\" style=\"padding-top: 1px\"><\/div>\n<\/div>\n<\/div>\n\n\t<\/div>\n<\/section>\n\n\n<!-- 595a7f8058c5a0ee6a692949f55354a3 -->\r\n <\/section>\r\n\r\n\r\n<section class=\"linknumber\">\r\n                    <span class=\"number\">2<\/span>\r\n                    <p class=\"qaczka\"><span class=\"trans\">\u00a0<\/span><span class=\"number1\">01<\/span><span class=\"trans\">\u00a0<\/span><\/p>\r\n                    <blockquote> Monika Tokarska<\/blockquote>\r\n<\/section>\r\n<section class=\"recommendations\">\r\n\r\n    <section class=\"fw-main-row \">\n<div class=\"fw-container\">\n<div class=\"fw-row\">\n<div class=\"fw-col-xs-12 fw-col-sm-2\">\n<h5>Monika Tokarska, wsp\u00f3\u0142tw\u00f3rczyni Sp\u00f3\u0142dzielni PR, prezeska<\/h5>\n<\/div>\n<div class=\"fw-col-xs-12 fw-col-sm-2\">\n\t<img decoding=\"async\" src=\"\/\/spoldzielniapr.com\/wp-content\/uploads\/2019\/03\/Monika.jpg\" alt=\"\/\/spoldzielniapr.com\/wp-content\/uploads\/2019\/03\/Monika.jpg\" \/><\/div>\n<div class=\"fw-col-xs-12 fw-col-sm-8\">\n<p>Jestem wsp\u00f3\u0142tw\u00f3rczyni\u0105 i prezesk\u0105 Sp\u00f3\u0142dzielni PR. Jako absolwentka filologii polskiej ze specjalizacj\u0105 dziennikarsk\u0105 na Uniwersytecie im. A. Mickiewicza w Poznaniu, swoje uwielbienie dla j\u0119zyka kontynuowa\u0142am podczas studi\u00f3w podyplomowych z zakresu public relations i negocjacji. Interesuj\u0119 si\u0119 sztuk\u0105, mia\u0142am szans\u0119 by\u0107 prezesk\u0105 fundacji sztuki i kuratork\u0105 wystaw \u2026 designu, bo po sztuce, to wzornictwo skrad\u0142o mi serce. St\u0105d wzi\u0105\u0142 si\u0119 pomys\u0142 na studia z design management. Wieloletnia praca w agencji PR i w biznesie da\u0142a mi do\u015bwiadczenie w budowaniu strategii PR i realizacji dzia\u0142a\u0144. W Sp\u00f3\u0142dzielni PR stworzy\u0142y\u015bmy zesp\u00f3\u0142 r\u00f3\u017cnych osobowo\u015bci i kompetencji, kt\u00f3re daj\u0105 nam szerokie perspektywy dzia\u0142ania. Dobra energia w sp\u00f3\u0142dzielczej pracy i relacjach z klientami jest zara\u017aliwa! Na co dzie\u0144 pracuj\u0119 nad strategi\u0105 komunikacji dla marek i nowych projekt\u00f3w, koordynuj\u0119 prac\u0119 zespo\u0142u. Nieustanie sprawdzam now\u0105 rol\u0119 PR w zmieniaj\u0105cej si\u0119 rzeczywisto\u015bci cyfrowej i social medi\u00f3w.<\/p>\n<\/div>\n<\/div><\/div>\n<\/section>\n<p><!-- a38114e4ffb2e28fb25eec0bc5841563 --><\/p>\n\r\n <\/section>\r\n\r\n\r\n<section class=\"linknumber\">\r\n                    <span class=\"number\">3<\/span>\r\n                    <p class=\"qaczka\"><span class=\"trans\">\u00a0<\/span><span class=\"number1\">01<\/span><span class=\"trans\">\u00a0<\/span><\/p>\r\n                    <blockquote> Aneta Grzegorzewska-P\u00f3\u0142torak<\/blockquote>\r\n<\/section>\r\n<section class=\"recommendations\">\r\n\r\n    <section class=\"fw-main-row \">\n<div class=\"fw-container\">\n<div class=\"fw-row\">\n<div class=\"fw-col-xs-12 fw-col-sm-2\">\n<h5>Aneta Grzegorzewska-P\u00f3\u0142torak, wsp\u00f3\u0142tw\u00f3rczyni Sp\u00f3dzielni PR, wiceprezeska<\/h5>\n<\/div>\n<div class=\"fw-col-xs-12 fw-col-sm-2\">\n\t<img decoding=\"async\" src=\"\/\/spoldzielniapr.com\/wp-content\/uploads\/2019\/03\/Aneta.jpg\" alt=\"\/\/spoldzielniapr.com\/wp-content\/uploads\/2019\/03\/Aneta.jpg\" \/><\/div>\n<div class=\"fw-col-xs-12 fw-col-sm-8\">\n<p>Jestem wsp\u00f3\u0142tw\u00f3rczyni\u0105 Sp\u00f3\u0142dzielni PR i wiceprezesk\u0105. Uko\u0144czy\u0142am nauki polityczne na Uniwersytecie Warszawskim i podyplomowe studia Public Relations na pozna\u0144skim Uniwersytecie Ekonomicznym. Od 2002 roku pracuj\u0119 w bran\u017cy PR. Pracowa\u0142am po stronie agencji oraz prowadz\u0105c komunikacj\u0119 dla firm. Doceniam r\u00f3\u017cnorodno\u015b\u0107 do\u015bwiadcze\u0144 jakie mog\u0142am zdobywa\u0107 z zakresu komunikacji, zarz\u0105dzania mark\u0105, wsp\u00f3\u0142pracy z mediami w koncernach mi\u0119dzynarodowych i polskich firmach. Wsp\u00f3\u0142tworzy\u0142am i realizowa\u0142am kluczowe kampanie PR-owe dla marek uznawanych jako jedne z najlepszych na rynku w swoich bran\u017cach. Na co dzie\u0144 koordynuj\u0119 projekty, wsp\u00f3\u0142pracuj\u0119 z zespo\u0142em oraz dbam o relacje z klientami strategicznymi. Najbardziej lubi\u0119 etap projektowania strategii oraz tworzenia kreatywnych rozwi\u0105za\u0144, kt\u00f3re potem przek\u0142adamy na praktyczne koncepcje. Uwielbiam to, \u017ce \u015bwiat si\u0119 nieustaj\u0105co zmienia! Dzi\u0119ki temu jest miejsce na wdra\u017canie nowych pomys\u0142\u00f3w.<\/p>\n<\/div>\n<\/div><\/div>\n<\/section>\n<p><!-- b16f7d3b28beb3350efb349bbe494368 --><\/p>\n\r\n <\/section>\n\t<\/div><!--#w4pl-inner-167-->\n<\/div><!--#w4pl-167-->\n<!--END_W4PL_List_167-->\n\n\n\n<section class=\"fw-main-row \">\n<div class=\"fw-container\">\n<div class=\"fw-row\">\n<div class=\"fw-col-xs-12 fw-col-sm-3\">\n<h6>&nbsp;<\/h6>\n<\/div>\n<div class=\"fw-col-xs-12 fw-col-sm-9\">&nbsp;<\/div>\n<\/div>\n<p><\/p>\n<\/div>\n<\/section>\n<p><!-- 34d2b27dda0b99a7b90890e95131d242 --><\/p>","protected":false},"excerpt":{"rendered":"<p>&nbsp; &nbsp;<\/p>\n","protected":false},"author":1,"featured_media":206,"parent":0,"menu_order":0,"comment_status":"closed","ping_status":"closed","template":"","meta":{"_uag_custom_page_level_css":"","footnotes":""},"zakres":[],"rekomendacje":[],"zespol":[],"class_list":["post-20","page","type-page","status-publish","has-post-thumbnail","hentry"],"uagb_featured_image_src":{"full":["https:\/\/spoldzielniapr.com\/wp-content\/uploads\/2019\/04\/spoldzielnia_pr-15-1__3500x1513.jpg",1280,529,false],"thumbnail":["https:\/\/spoldzielniapr.com\/wp-content\/uploads\/2019\/04\/spoldzielnia_pr-15-1__3500x1513-150x150.jpg",150,150,true],"medium":["https:\/\/spoldzielniapr.com\/wp-content\/uploads\/2019\/04\/spoldzielnia_pr-15-1__3500x1513-300x124.jpg",300,124,true],"medium_large":["https:\/\/spoldzielniapr.com\/wp-content\/uploads\/2019\/04\/spoldzielnia_pr-15-1__3500x1513-768x317.jpg",768,317,true],"large":["https:\/\/spoldzielniapr.com\/wp-content\/uploads\/2019\/04\/spoldzielnia_pr-15-1__3500x1513-1024x423.jpg",1024,423,true],"1536x1536":["https:\/\/spoldzielniapr.com\/wp-content\/uploads\/2019\/04\/spoldzielnia_pr-15-1__3500x1513.jpg",1280,529,false],"2048x2048":["https:\/\/spoldzielniapr.com\/wp-content\/uploads\/2019\/04\/spoldzielnia_pr-15-1__3500x1513.jpg",1280,529,false]},"uagb_author_info":{"display_name":"qaczka","author_link":"https:\/\/spoldzielniapr.com\/?author=1"},"uagb_comment_info":0,"uagb_excerpt":"&nbsp; &nbsp;","_links":{"self":[{"href":"https:\/\/spoldzielniapr.com\/index.php?rest_route=\/wp\/v2\/pages\/20"}],"collection":[{"href":"https:\/\/spoldzielniapr.com\/index.php?rest_route=\/wp\/v2\/pages"}],"about":[{"href":"https:\/\/spoldzielniapr.com\/index.php?rest_route=\/wp\/v2\/types\/page"}],"author":[{"embeddable":true,"href":"https:\/\/spoldzielniapr.com\/index.php?rest_route=\/wp\/v2\/users\/1"}],"replies":[{"embeddable":true,"href":"https:\/\/spoldzielniapr.com\/index.php?rest_route=%2Fwp%2Fv2%2Fcomments&post=20"}],"version-history":[{"count":11,"href":"https:\/\/spoldzielniapr.com\/index.php?rest_route=\/wp\/v2\/pages\/20\/revisions"}],"predecessor-version":[{"id":207,"href":"https:\/\/spoldzielniapr.com\/index.php?rest_route=\/wp\/v2\/pages\/20\/revisions\/207"}],"wp:featuredmedia":[{"embeddable":true,"href":"https:\/\/spoldzielniapr.com\/index.php?rest_route=\/wp\/v2\/media\/206"}],"wp:attachment":[{"href":"https:\/\/spoldzielniapr.com\/index.php?rest_route=%2Fwp%2Fv2%2Fmedia&parent=20"}],"wp:term":[{"taxonomy":"zakres","embeddable":true,"href":"https:\/\/spoldzielniapr.com\/index.php?rest_route=%2Fwp%2Fv2%2Fzakres&post=20"},{"taxonomy":"rekomendacje","embeddable":true,"href":"https:\/\/spoldzielniapr.com\/index.php?rest_route=%2Fwp%2Fv2%2Frekomendacje&post=20"},{"taxonomy":"zespol","embeddable":true,"href":"https:\/\/spoldzielniapr.com\/index.php?rest_route=%2Fwp%2Fv2%2Fzespol&post=20"}],"curies":[{"name":"wp","href":"https:\/\/api.w.org\/{rel}","templated":true}]}}